
{"id":1248,"date":"2024-10-13T21:08:38","date_gmt":"2024-10-13T21:08:38","guid":{"rendered":"https:\/\/forlegendhair.com\/tecnicas\/"},"modified":"2024-10-25T18:57:30","modified_gmt":"2024-10-25T18:57:30","slug":"tecnicas","status":"publish","type":"page","link":"https:\/\/forlegendhair.com\/es\/tecnicas\/","title":{"rendered":"T\u00e9cnicas"},"content":{"rendered":"\t\t<div data-elementor-type=\"wp-page\" data-elementor-id=\"1248\" class=\"elementor elementor-1248 elementor-386\">\n\t\t\t\t<div class=\"elementor-element elementor-element-fb452f5 e-flex e-con-boxed e-con e-parent\" data-id=\"fb452f5\" data-element_type=\"container\">\n\t\t\t\t\t<div class=\"e-con-inner\">\n\t\t\t\t<div class=\"elementor-element elementor-element-5c8ec5f elementor-widget elementor-widget-flh-breadcrumb\" data-id=\"5c8ec5f\" data-element_type=\"widget\" data-widget_type=\"flh-breadcrumb.default\">\n\t\t\t\t<div class=\"elementor-widget-container\">\n\t\t\t\n        <div class=\"site-hero custom-background\" style=\"--custom-background: #F0F8F6;\">\n            <div class=\"container\">\n                <div class=\"row gap-y-20 justify-center page-header style-2\">\n                    <div class=\"col col-12 col-lg-8 relative\">\n                        <h1 class=\"entry-title page-title\">\n                            Nuestras T\u00e9cnicas                        <\/h1>\n                                            <\/div><!-- col -->\n                <\/div><!-- row -->\n            <\/div><!-- container -->\n        <\/div><!-- site-hero -->\n\n        \t\t<\/div>\n\t\t\t\t<\/div>\n\t\t\t\t\t<\/div>\n\t\t\t\t<\/div>\n\t\t<div class=\"elementor-element elementor-element-65953b9 e-flex e-con-boxed e-con e-parent\" data-id=\"65953b9\" data-element_type=\"container\">\n\t\t\t\t\t<div class=\"e-con-inner\">\n\t\t\t\t<div class=\"elementor-element elementor-element-3ee64bd mb-100 elementor-widget elementor-widget-flh_techniques_list\" data-id=\"3ee64bd\" data-element_type=\"widget\" data-widget_type=\"flh_techniques_list.default\">\n\t\t\t\t<div class=\"elementor-widget-container\">\n\t\t\t<div class=\"container\"><div class=\"row items-center justify-between gap-y-20 mb-40 lg:mb-80 lg:flex-row-reverse\"><div class=\"col col-12 col-lg-6\"><div class=\"entry-media\"><a href=\"https:\/\/forlegendhair.com\/es\/techniques\/metodo-fue\/\" class=\"relative block overflow-hidden rounded-lg\"><img fetchpriority=\"high\" decoding=\"async\" width=\"767\" height=\"807\" src=\"https:\/\/forlegendhair.com\/wp-content\/uploads\/2024\/10\/image-08.jpg\" class=\"attachment-full size-full wp-post-image\" alt=\"M\u00e9todo FUE\" srcset=\"https:\/\/forlegendhair.com\/wp-content\/uploads\/2024\/10\/image-08.jpg 767w, https:\/\/forlegendhair.com\/wp-content\/uploads\/2024\/10\/image-08-285x300.jpg 285w\" sizes=\"(max-width: 767px) 100vw, 767px\" \/><\/a><\/div><\/div><div class=\"col col-12 col-lg-5\"><div class=\"site-text-block\"><h4 class=\"entry-subtitle\">ONE OF OUR TECHNIQUES<\/h4><h2 class=\"entry-title\">M\u00e9todo FUE<\/h2><div class=\"entry-content\"><p>T\u00e9cnica FUE Programe una consulta gratuita con nuestros especialistas en cabello y descubra si For Legend Hair es la soluci\u00f3n perfecta para su ca\u00edda de cabello. Nos tomamos el tiempo para comprender sus deseos y necesidades, y creamos un plan de tratamiento personalizado para obtener los mejores resultados. Duraci\u00f3n de la Operaci\u00f3n 6-8 Horas Permanencia [&hellip;]<\/p><\/div><a href=\"https:\/\/forlegendhair.com\/es\/techniques\/metodo-fue\/\" class=\"button link\">Devam\u0131n\u0131 Oku<div class=\"button-link-icon\"><svg xmlns=\"http:\/\/www.w3.org\/2000\/svg\" width=\"24\" height=\"24\" viewBox=\"0 0 24 24\" fill=\"none\" stroke=\"currentColor\" stroke-width=\"2\" stroke-linecap=\"round\" stroke-linejoin=\"round\" class=\"lucide lucide-arrow-right\"><path d=\"M5 12h14\"\/><path d=\"m12 5 7 7-7 7\"\/><\/svg><\/div><\/a><\/div><\/div><\/div><div class=\"row items-center justify-between gap-y-20 mb-40 lg:mb-80 \"><div class=\"col col-12 col-lg-6\"><div class=\"entry-media\"><a href=\"https:\/\/forlegendhair.com\/es\/techniques\/metodo-dhi\/\" class=\"relative block overflow-hidden rounded-lg\"><img decoding=\"async\" width=\"600\" height=\"400\" src=\"https:\/\/forlegendhair.com\/wp-content\/uploads\/2024\/10\/dhi-hair-transplant-600x400-1.jpg\" class=\"attachment-full size-full wp-post-image\" alt=\"M\u00e9todo DHI\" srcset=\"https:\/\/forlegendhair.com\/wp-content\/uploads\/2024\/10\/dhi-hair-transplant-600x400-1.jpg 600w, https:\/\/forlegendhair.com\/wp-content\/uploads\/2024\/10\/dhi-hair-transplant-600x400-1-300x200.jpg 300w\" sizes=\"(max-width: 600px) 100vw, 600px\" \/><\/a><\/div><\/div><div class=\"col col-12 col-lg-5\"><div class=\"site-text-block\"><h4 class=\"entry-subtitle\">ONE OF OUR TECHNIQUES<\/h4><h2 class=\"entry-title\">M\u00e9todo DHI<\/h2><div class=\"entry-content\"><p>T\u00e9cnica DHI Reserve una cita para una consulta gratuita con nuestros expertos en cabello y descubra si For Legend Hair es la soluci\u00f3n perfecta para su p\u00e9rdida de cabello. Nos tomamos el tiempo para comprender sus deseos y necesidades, y creamos un plan de tratamiento personalizado para obtener los mejores resultados. Duraci\u00f3n de la Operaci\u00f3n [&hellip;]<\/p><\/div><a href=\"https:\/\/forlegendhair.com\/es\/techniques\/metodo-dhi\/\" class=\"button link\">Devam\u0131n\u0131 Oku<div class=\"button-link-icon\"><svg xmlns=\"http:\/\/www.w3.org\/2000\/svg\" width=\"24\" height=\"24\" viewBox=\"0 0 24 24\" fill=\"none\" stroke=\"currentColor\" stroke-width=\"2\" stroke-linecap=\"round\" stroke-linejoin=\"round\" class=\"lucide lucide-arrow-right\"><path d=\"M5 12h14\"\/><path d=\"m12 5 7 7-7 7\"\/><\/svg><\/div><\/a><\/div><\/div><\/div><\/div>\t\t<\/div>\n\t\t\t\t<\/div>\n\t\t\t\t\t<\/div>\n\t\t\t\t<\/div>\n\t\t\t\t<\/div>\n\t\t","protected":false},"excerpt":{"rendered":"<p>Nuestras T\u00e9cnicas TEKNIKLERIMIZDEN BIRI M\u00e9todo FUE T\u00e9cnica FUE Programe una consulta gratuita con nuestros especialistas en cabello y descubra si For Legend Hair es la soluci\u00f3n perfecta para su ca\u00edda de cabello. Nos tomamos el tiempo para comprender sus deseos y necesidades, y creamos un plan de tratamiento personalizado para obtener los mejores resultados. Duraci\u00f3n [&hellip;]<\/p>\n","protected":false},"author":1,"featured_media":0,"parent":0,"menu_order":0,"comment_status":"closed","ping_status":"closed","template":"elementor_header_footer","meta":{"footnotes":""},"class_list":["post-1248","page","type-page","status-publish","hentry"],"yoast_head":"<!-- This site is optimized with the Yoast SEO plugin v23.7 - https:\/\/yoast.com\/wordpress\/plugins\/seo\/ -->\n<title>T\u00e9cnicas - For Legend Hair<\/title>\n<meta name=\"robots\" content=\"index, follow, max-snippet:-1, max-image-preview:large, max-video-preview:-1\" \/>\n<link rel=\"canonical\" href=\"https:\/\/forlegendhair.com\/teknikler\/\" \/>\n<meta property=\"og:locale\" content=\"es_ES\" \/>\n<meta property=\"og:type\" content=\"article\" \/>\n<meta property=\"og:title\" content=\"T\u00e9cnicas - For Legend Hair\" \/>\n<meta property=\"og:description\" content=\"Nuestras T\u00e9cnicas TEKNIKLERIMIZDEN BIRI M\u00e9todo FUE T\u00e9cnica FUE Programe una consulta gratuita con nuestros especialistas en cabello y descubra si For Legend Hair es la soluci\u00f3n perfecta para su ca\u00edda de cabello. Nos tomamos el tiempo para comprender sus deseos y necesidades, y creamos un plan de tratamiento personalizado para obtener los mejores resultados. Duraci\u00f3n [&hellip;]\" \/>\n<meta property=\"og:url\" content=\"https:\/\/forlegendhair.com\/teknikler\/\" \/>\n<meta property=\"og:site_name\" content=\"For Legend Hair\" \/>\n<meta property=\"article:modified_time\" content=\"2024-10-25T18:57:30+00:00\" \/>\n<meta property=\"og:image\" content=\"https:\/\/forlegendhair.com\/wp-content\/uploads\/2024\/10\/image-08.jpg\" \/>\n<meta name=\"twitter:card\" content=\"summary_large_image\" \/>\n<meta name=\"twitter:label1\" content=\"Tiempo de lectura\" \/>\n\t<meta name=\"twitter:data1\" content=\"1 minuto\" \/>\n<script type=\"application\/ld+json\" class=\"yoast-schema-graph\">{\"@context\":\"https:\/\/schema.org\",\"@graph\":[{\"@type\":\"WebPage\",\"@id\":\"https:\/\/forlegendhair.com\/teknikler\/\",\"url\":\"https:\/\/forlegendhair.com\/teknikler\/\",\"name\":\"T\u00e9cnicas - For Legend Hair\",\"isPartOf\":{\"@id\":\"https:\/\/forlegendhair.com\/#website\"},\"primaryImageOfPage\":{\"@id\":\"https:\/\/forlegendhair.com\/teknikler\/#primaryimage\"},\"image\":{\"@id\":\"https:\/\/forlegendhair.com\/teknikler\/#primaryimage\"},\"thumbnailUrl\":\"https:\/\/forlegendhair.com\/wp-content\/uploads\/2024\/10\/image-08.jpg\",\"datePublished\":\"2024-10-13T21:08:38+00:00\",\"dateModified\":\"2024-10-25T18:57:30+00:00\",\"breadcrumb\":{\"@id\":\"https:\/\/forlegendhair.com\/teknikler\/#breadcrumb\"},\"inLanguage\":\"es\",\"potentialAction\":[{\"@type\":\"ReadAction\",\"target\":[\"https:\/\/forlegendhair.com\/teknikler\/\"]}]},{\"@type\":\"ImageObject\",\"inLanguage\":\"es\",\"@id\":\"https:\/\/forlegendhair.com\/teknikler\/#primaryimage\",\"url\":\"https:\/\/forlegendhair.com\/wp-content\/uploads\/2024\/10\/image-08.jpg\",\"contentUrl\":\"https:\/\/forlegendhair.com\/wp-content\/uploads\/2024\/10\/image-08.jpg\"},{\"@type\":\"BreadcrumbList\",\"@id\":\"https:\/\/forlegendhair.com\/teknikler\/#breadcrumb\",\"itemListElement\":[{\"@type\":\"ListItem\",\"position\":1,\"name\":\"Anasayfa\",\"item\":\"https:\/\/forlegendhair.com\/es\/\"},{\"@type\":\"ListItem\",\"position\":2,\"name\":\"T\u00e9cnicas\"}]},{\"@type\":\"WebSite\",\"@id\":\"https:\/\/forlegendhair.com\/#website\",\"url\":\"https:\/\/forlegendhair.com\/\",\"name\":\"For Legend Hair\",\"description\":\"FLH\",\"potentialAction\":[{\"@type\":\"SearchAction\",\"target\":{\"@type\":\"EntryPoint\",\"urlTemplate\":\"https:\/\/forlegendhair.com\/?s={search_term_string}\"},\"query-input\":{\"@type\":\"PropertyValueSpecification\",\"valueRequired\":true,\"valueName\":\"search_term_string\"}}],\"inLanguage\":\"es\"}]}<\/script>\n<!-- \/ Yoast SEO plugin. -->","yoast_head_json":{"title":"T\u00e9cnicas - For Legend Hair","robots":{"index":"index","follow":"follow","max-snippet":"max-snippet:-1","max-image-preview":"max-image-preview:large","max-video-preview":"max-video-preview:-1"},"canonical":"https:\/\/forlegendhair.com\/teknikler\/","og_locale":"es_ES","og_type":"article","og_title":"T\u00e9cnicas - For Legend Hair","og_description":"Nuestras T\u00e9cnicas TEKNIKLERIMIZDEN BIRI M\u00e9todo FUE T\u00e9cnica FUE Programe una consulta gratuita con nuestros especialistas en cabello y descubra si For Legend Hair es la soluci\u00f3n perfecta para su ca\u00edda de cabello. Nos tomamos el tiempo para comprender sus deseos y necesidades, y creamos un plan de tratamiento personalizado para obtener los mejores resultados. Duraci\u00f3n [&hellip;]","og_url":"https:\/\/forlegendhair.com\/teknikler\/","og_site_name":"For Legend Hair","article_modified_time":"2024-10-25T18:57:30+00:00","og_image":[{"url":"https:\/\/forlegendhair.com\/wp-content\/uploads\/2024\/10\/image-08.jpg"}],"twitter_card":"summary_large_image","twitter_misc":{"Tiempo de lectura":"1 minuto"},"schema":{"@context":"https:\/\/schema.org","@graph":[{"@type":"WebPage","@id":"https:\/\/forlegendhair.com\/teknikler\/","url":"https:\/\/forlegendhair.com\/teknikler\/","name":"T\u00e9cnicas - For Legend Hair","isPartOf":{"@id":"https:\/\/forlegendhair.com\/#website"},"primaryImageOfPage":{"@id":"https:\/\/forlegendhair.com\/teknikler\/#primaryimage"},"image":{"@id":"https:\/\/forlegendhair.com\/teknikler\/#primaryimage"},"thumbnailUrl":"https:\/\/forlegendhair.com\/wp-content\/uploads\/2024\/10\/image-08.jpg","datePublished":"2024-10-13T21:08:38+00:00","dateModified":"2024-10-25T18:57:30+00:00","breadcrumb":{"@id":"https:\/\/forlegendhair.com\/teknikler\/#breadcrumb"},"inLanguage":"es","potentialAction":[{"@type":"ReadAction","target":["https:\/\/forlegendhair.com\/teknikler\/"]}]},{"@type":"ImageObject","inLanguage":"es","@id":"https:\/\/forlegendhair.com\/teknikler\/#primaryimage","url":"https:\/\/forlegendhair.com\/wp-content\/uploads\/2024\/10\/image-08.jpg","contentUrl":"https:\/\/forlegendhair.com\/wp-content\/uploads\/2024\/10\/image-08.jpg"},{"@type":"BreadcrumbList","@id":"https:\/\/forlegendhair.com\/teknikler\/#breadcrumb","itemListElement":[{"@type":"ListItem","position":1,"name":"Anasayfa","item":"https:\/\/forlegendhair.com\/es\/"},{"@type":"ListItem","position":2,"name":"T\u00e9cnicas"}]},{"@type":"WebSite","@id":"https:\/\/forlegendhair.com\/#website","url":"https:\/\/forlegendhair.com\/","name":"For Legend Hair","description":"FLH","potentialAction":[{"@type":"SearchAction","target":{"@type":"EntryPoint","urlTemplate":"https:\/\/forlegendhair.com\/?s={search_term_string}"},"query-input":{"@type":"PropertyValueSpecification","valueRequired":true,"valueName":"search_term_string"}}],"inLanguage":"es"}]}},"meta_box":[],"_links":{"self":[{"href":"https:\/\/forlegendhair.com\/es\/wp-json\/wp\/v2\/pages\/1248","targetHints":{"allow":["GET"]}}],"collection":[{"href":"https:\/\/forlegendhair.com\/es\/wp-json\/wp\/v2\/pages"}],"about":[{"href":"https:\/\/forlegendhair.com\/es\/wp-json\/wp\/v2\/types\/page"}],"author":[{"embeddable":true,"href":"https:\/\/forlegendhair.com\/es\/wp-json\/wp\/v2\/users\/1"}],"replies":[{"embeddable":true,"href":"https:\/\/forlegendhair.com\/es\/wp-json\/wp\/v2\/comments?post=1248"}],"version-history":[{"count":4,"href":"https:\/\/forlegendhair.com\/es\/wp-json\/wp\/v2\/pages\/1248\/revisions"}],"predecessor-version":[{"id":1671,"href":"https:\/\/forlegendhair.com\/es\/wp-json\/wp\/v2\/pages\/1248\/revisions\/1671"}],"wp:attachment":[{"href":"https:\/\/forlegendhair.com\/es\/wp-json\/wp\/v2\/media?parent=1248"}],"curies":[{"name":"wp","href":"https:\/\/api.w.org\/{rel}","templated":true}]}}