
{"id":1246,"date":"2024-10-13T21:02:28","date_gmt":"2024-10-13T21:02:28","guid":{"rendered":"https:\/\/forlegendhair.com\/faq\/"},"modified":"2024-10-25T19:03:11","modified_gmt":"2024-10-25T19:03:11","slug":"faq","status":"publish","type":"page","link":"https:\/\/forlegendhair.com\/es\/faq\/","title":{"rendered":"FAQ"},"content":{"rendered":"\t\t<div data-elementor-type=\"wp-page\" data-elementor-id=\"1246\" class=\"elementor elementor-1246 elementor-379\">\n\t\t\t\t<div class=\"elementor-element elementor-element-614caa1 e-flex e-con-boxed e-con e-parent\" data-id=\"614caa1\" data-element_type=\"container\">\n\t\t\t\t\t<div class=\"e-con-inner\">\n\t\t\t\t<div class=\"elementor-element elementor-element-6651b5f elementor-widget elementor-widget-flh-breadcrumb\" data-id=\"6651b5f\" data-element_type=\"widget\" data-widget_type=\"flh-breadcrumb.default\">\n\t\t\t\t<div class=\"elementor-widget-container\">\n\t\t\t\n        <div class=\"site-hero custom-background\" style=\"--custom-background: #F0F8F6;\">\n            <div class=\"container\">\n                <div class=\"row gap-y-20 justify-center page-header style-2\">\n                    <div class=\"col col-12 col-lg-8 relative\">\n                        <h1 class=\"entry-title page-title\">\n                            Preguntas Frecuentes                        <\/h1>\n                                                    <div class=\"entry-excerpt\">\n                                <p>Respuestas a las preguntas importantes que preocupan a nuestros clientes<\/p>\n                            <\/div><!-- entry-excerpt -->\n                                            <\/div><!-- col -->\n                <\/div><!-- row -->\n            <\/div><!-- container -->\n        <\/div><!-- site-hero -->\n\n        \t\t<\/div>\n\t\t\t\t<\/div>\n\t\t\t\t\t<\/div>\n\t\t\t\t<\/div>\n\t\t<div class=\"elementor-element elementor-element-859253f e-flex e-con-boxed e-con e-parent\" data-id=\"859253f\" data-element_type=\"container\">\n\t\t\t\t\t<div class=\"e-con-inner\">\n\t\t\t\t<div class=\"elementor-element elementor-element-09fb589 elementor-widget elementor-widget-flh_faq\" data-id=\"09fb589\" data-element_type=\"widget\" data-widget_type=\"flh_faq.default\">\n\t\t\t\t<div class=\"elementor-widget-container\">\n\t\t\t\n            <div class=\"container\">\n                \n                <div class=\"row justify-center mb-20 lg:mb-56\">\n                    <div class=\"col col-12 col-lg-10\">\n                        <div class=\"row\">\n                                                            <div class=\"col-6\">\n                                    <div class=\"accordion accordion-flush\" id=\"accordionFlushExample\">\n                                        <div class=\"accordion-item\">\n                                            <h2 class=\"accordion-header\">\n                                                <button class=\"accordion-button collapsed\" type=\"button\" data-bs-toggle=\"collapse\" data-bs-target=\"#flush-collapse0\" aria-expanded=\"false\" aria-controls=\"flush-collapse0\">\n                                                    \u00bfLos resultados de un trasplante capilar son permanentes?                                                <\/button>\n                                            <\/h2>\n                                            <div id=\"flush-collapse0\" class=\"accordion-collapse collapse \" data-bs-parent=\"#accordionFlushExample\">\n                                                <div class=\"accordion-body\">\n                                                    <p class=\"p1\">Esta es una de las preguntas m\u00e1s comunes para quienes desean hacerse un trasplante capilar. (A excepci\u00f3n de enfermedades capilares o tratamientos como la quimioterapia). Los cabellos trasplantados son permanentes porque se obtienen de una zona que est\u00e1 programada para no caerse, conocida como la \"zona donante,\" que generalmente abarca la nuca y la parte superior de las orejas. Al provenir de una zona gen\u00e9ticamente resistente, estos cabellos permanecer\u00e1n de por vida.<\/p>                                                <\/div>\n                                            <\/div>\n                                        <\/div>\n                                    <\/div>\n                                <\/div>\n                                                            <div class=\"col-6\">\n                                    <div class=\"accordion accordion-flush\" id=\"accordionFlushExample\">\n                                        <div class=\"accordion-item\">\n                                            <h2 class=\"accordion-header\">\n                                                <button class=\"accordion-button collapsed\" type=\"button\" data-bs-toggle=\"collapse\" data-bs-target=\"#flush-collapse1\" aria-expanded=\"false\" aria-controls=\"flush-collapse1\">\n                                                    \u00bfCu\u00e1l es la tasa de \u00e9xito en el trasplante capilar?                                                <\/button>\n                                            <\/h2>\n                                            <div id=\"flush-collapse1\" class=\"accordion-collapse collapse \" data-bs-parent=\"#accordionFlushExample\">\n                                                <div class=\"accordion-body\">\n                                                    <p class=\"p1\">En centros de trasplante capilar con equipos experimentados, la tasa de supervivencia de los fol\u00edculos var\u00eda entre el 95% y el 98%. El \u00e9xito del trasplante depende en parte del cuidado y esfuerzo del paciente despu\u00e9s de la operaci\u00f3n, y tambi\u00e9n puede variar seg\u00fan la fisiolog\u00eda, gen\u00e9tica y estructura capilar del individuo.<\/p>                                                <\/div>\n                                            <\/div>\n                                        <\/div>\n                                    <\/div>\n                                <\/div>\n                                                            <div class=\"col-6\">\n                                    <div class=\"accordion accordion-flush\" id=\"accordionFlushExample\">\n                                        <div class=\"accordion-item\">\n                                            <h2 class=\"accordion-header\">\n                                                <button class=\"accordion-button collapsed\" type=\"button\" data-bs-toggle=\"collapse\" data-bs-target=\"#flush-collapse2\" aria-expanded=\"false\" aria-controls=\"flush-collapse2\">\n                                                    \u00bfCu\u00e1nto tiempo dura el procedimiento de trasplante capilar?                                                <\/button>\n                                            <\/h2>\n                                            <div id=\"flush-collapse2\" class=\"accordion-collapse collapse \" data-bs-parent=\"#accordionFlushExample\">\n                                                <div class=\"accordion-body\">\n                                                    <p class=\"p1\">La duraci\u00f3n del procedimiento de trasplante capilar depende del n\u00famero de fol\u00edculos que se vayan a implantar y del personal presente en el equipo. En promedio, el procedimiento dura entre 6 y 9 horas.<\/p>                                                <\/div>\n                                            <\/div>\n                                        <\/div>\n                                    <\/div>\n                                <\/div>\n                                                            <div class=\"col-6\">\n                                    <div class=\"accordion accordion-flush\" id=\"accordionFlushExample\">\n                                        <div class=\"accordion-item\">\n                                            <h2 class=\"accordion-header\">\n                                                <button class=\"accordion-button collapsed\" type=\"button\" data-bs-toggle=\"collapse\" data-bs-target=\"#flush-collapse3\" aria-expanded=\"false\" aria-controls=\"flush-collapse3\">\n                                                    \u00bfSentir\u00e9 dolor durante el procedimiento de trasplante capilar?                                                <\/button>\n                                            <\/h2>\n                                            <div id=\"flush-collapse3\" class=\"accordion-collapse collapse \" data-bs-parent=\"#accordionFlushExample\">\n                                                <div class=\"accordion-body\">\n                                                    <p class=\"p1\">Gracias al avance de la tecnolog\u00eda, el dolor durante el trasplante capilar ha disminuido significativamente. Hoy en d\u00eda, la incomodidad es m\u00ednima o pr\u00e1cticamente inexistente. Puede experimentar una ligera tensi\u00f3n en el cuero cabelludo, que algunos pacientes describen como dolor leve, aunque la mayor\u00eda afirma no haber sentido molestias.<\/p>                                                <\/div>\n                                            <\/div>\n                                        <\/div>\n                                    <\/div>\n                                <\/div>\n                                                            <div class=\"col-6\">\n                                    <div class=\"accordion accordion-flush\" id=\"accordionFlushExample\">\n                                        <div class=\"accordion-item\">\n                                            <h2 class=\"accordion-header\">\n                                                <button class=\"accordion-button collapsed\" type=\"button\" data-bs-toggle=\"collapse\" data-bs-target=\"#flush-collapse4\" aria-expanded=\"false\" aria-controls=\"flush-collapse4\">\n                                                    \u00bfPermanecer\u00e9 consciente durante el procedimiento de trasplante capilar?                                                <\/button>\n                                            <\/h2>\n                                            <div id=\"flush-collapse4\" class=\"accordion-collapse collapse \" data-bs-parent=\"#accordionFlushExample\">\n                                                <div class=\"accordion-body\">\n                                                    <p class=\"p1\">En nuestra cl\u00ednica, los procedimientos de trasplante capilar se realizan bajo anestesia local. Esto significa que podr\u00e1 escuchar m\u00fasica, ver una pel\u00edcula o usar su tel\u00e9fono durante la operaci\u00f3n si as\u00ed lo desea.<\/p>                                                <\/div>\n                                            <\/div>\n                                        <\/div>\n                                    <\/div>\n                                <\/div>\n                                                            <div class=\"col-6\">\n                                    <div class=\"accordion accordion-flush\" id=\"accordionFlushExample\">\n                                        <div class=\"accordion-item\">\n                                            <h2 class=\"accordion-header\">\n                                                <button class=\"accordion-button collapsed\" type=\"button\" data-bs-toggle=\"collapse\" data-bs-target=\"#flush-collapse5\" aria-expanded=\"false\" aria-controls=\"flush-collapse5\">\n                                                    \u00bfCu\u00e1l es la edad ideal para realizar un trasplante capilar?                                                <\/button>\n                                            <\/h2>\n                                            <div id=\"flush-collapse5\" class=\"accordion-collapse collapse \" data-bs-parent=\"#accordionFlushExample\">\n                                                <div class=\"accordion-body\">\n                                                    <p>No hay l\u00edmite de edad para el trasplante capilar, seg\u00fan datos cient\u00edficos. Por ejemplo, en el caso de ni\u00f1os que han perdido una parte de su cabello debido a una quemadura o accidente, el trasplante capilar puede ser una necesidad m\u00e9dica. El primer paso del procedimiento es la planificaci\u00f3n, y uno de los factores clave a evaluar es: \u201c\u00bfLa ca\u00edda del cabello contin\u00faa?\u201d Si se realiza el trasplante mientras la ca\u00edda est\u00e1 en curso, es probable que aparezcan \u00e1reas despobladas en el futuro, lo que requerir\u00eda una nueva intervenci\u00f3n y costos adicionales.<\/p>                                                <\/div>\n                                            <\/div>\n                                        <\/div>\n                                    <\/div>\n                                <\/div>\n                                                            <div class=\"col-6\">\n                                    <div class=\"accordion accordion-flush\" id=\"accordionFlushExample\">\n                                        <div class=\"accordion-item\">\n                                            <h2 class=\"accordion-header\">\n                                                <button class=\"accordion-button collapsed\" type=\"button\" data-bs-toggle=\"collapse\" data-bs-target=\"#flush-collapse6\" aria-expanded=\"false\" aria-controls=\"flush-collapse6\">\n                                                    \u00bfPuedo hacerme un trasplante capilar si estoy perdiendo el cabello de manera severa?                                                <\/button>\n                                            <\/h2>\n                                            <div id=\"flush-collapse6\" class=\"accordion-collapse collapse \" data-bs-parent=\"#accordionFlushExample\">\n                                                <div class=\"accordion-body\">\n                                                    <p class=\"p1\">Si realiza el trasplante mientras a\u00fan est\u00e1 perdiendo cabello, podr\u00edan aparecer zonas despobladas en el futuro. En estos casos, es recomendable iniciar un tratamiento de PRP o mesoterapia para controlar la ca\u00edda. Una vez que se estabilice, se puede considerar el trasplante capilar.<\/p>                                                <\/div>\n                                            <\/div>\n                                        <\/div>\n                                    <\/div>\n                                <\/div>\n                                                            <div class=\"col-6\">\n                                    <div class=\"accordion accordion-flush\" id=\"accordionFlushExample\">\n                                        <div class=\"accordion-item\">\n                                            <h2 class=\"accordion-header\">\n                                                <button class=\"accordion-button collapsed\" type=\"button\" data-bs-toggle=\"collapse\" data-bs-target=\"#flush-collapse7\" aria-expanded=\"false\" aria-controls=\"flush-collapse7\">\n                                                    \u00bfLos resultados del trasplante capilar son naturales?                                                <\/button>\n                                            <\/h2>\n                                            <div id=\"flush-collapse7\" class=\"accordion-collapse collapse \" data-bs-parent=\"#accordionFlushExample\">\n                                                <div class=\"accordion-body\">\n                                                    <p class=\"p1\">Antes de la operaci\u00f3n, se traza una l\u00ednea capilar basada en la estructura muscular de la frente y en c\u00f3mo era el cabello antes de la p\u00e9rdida, lo cual es el primer paso para obtener un aspecto natural. Cada persona tiene una direcci\u00f3n \u00fanica de crecimiento capilar, por lo que es fundamental que el especialista dise\u00f1e las \u00e1reas de implantaci\u00f3n de forma precisa, lo que requiere alta habilidad y experiencia. Con una l\u00ednea capilar bien dise\u00f1ada y los fol\u00edculos implantados de manera densa y en la direcci\u00f3n correcta, se puede lograr un aspecto natural.<\/p>                                                <\/div>\n                                            <\/div>\n                                        <\/div>\n                                    <\/div>\n                                <\/div>\n                                                            <div class=\"col-6\">\n                                    <div class=\"accordion accordion-flush\" id=\"accordionFlushExample\">\n                                        <div class=\"accordion-item\">\n                                            <h2 class=\"accordion-header\">\n                                                <button class=\"accordion-button collapsed\" type=\"button\" data-bs-toggle=\"collapse\" data-bs-target=\"#flush-collapse8\" aria-expanded=\"false\" aria-controls=\"flush-collapse8\">\n                                                    \u00bfDe qu\u00e9 partes del cuerpo se pueden extraer fol\u00edculos para el trasplante capilar?                                                <\/button>\n                                            <\/h2>\n                                            <div id=\"flush-collapse8\" class=\"accordion-collapse collapse \" data-bs-parent=\"#accordionFlushExample\">\n                                                <div class=\"accordion-body\">\n                                                    <p class=\"p1\">Los fol\u00edculos necesarios para el trasplante suelen extraerse de la zona donante ubicada en la nuca entre ambas orejas. Si esta \u00e1rea no tiene suficientes fol\u00edculos, se pueden extraer de la zona de la barba debajo de la mand\u00edbula, que tambi\u00e9n son duraderos y resistentes. En algunos casos, se pueden utilizar fol\u00edculos del pecho, la espalda o incluso las piernas, pero estos son m\u00e1s finos y menos duraderos, por lo que se evitan.<\/p>                                                <\/div>\n                                            <\/div>\n                                        <\/div>\n                                    <\/div>\n                                <\/div>\n                                                            <div class=\"col-6\">\n                                    <div class=\"accordion accordion-flush\" id=\"accordionFlushExample\">\n                                        <div class=\"accordion-item\">\n                                            <h2 class=\"accordion-header\">\n                                                <button class=\"accordion-button collapsed\" type=\"button\" data-bs-toggle=\"collapse\" data-bs-target=\"#flush-collapse9\" aria-expanded=\"false\" aria-controls=\"flush-collapse9\">\n                                                    \u00bfQuedar\u00e1n cicatrices despu\u00e9s del trasplante capilar?                                                <\/button>\n                                            <\/h2>\n                                            <div id=\"flush-collapse9\" class=\"accordion-collapse collapse \" data-bs-parent=\"#accordionFlushExample\">\n                                                <div class=\"accordion-body\">\n                                                    <p class=\"p1\">Si el trasplante es realizado por profesionales, no quedar\u00e1n cicatrices visibles. En la zona donante, los fol\u00edculos se extraen junto con el tejido, lo que impide el crecimiento de nuevo cabello en esas \u00e1reas. Sin embargo, mientras el paciente mantenga el cabello a una longitud normal y evite el corte al ras, no se notar\u00e1n cicatrices visibles.<\/p>                                                <\/div>\n                                            <\/div>\n                                        <\/div>\n                                    <\/div>\n                                <\/div>\n                                                    <\/div><!-- row -->\n                    <\/div><!-- col -->\n                                    <\/div><!-- row -->\n            <\/div><!-- container -->\n            \t\t<\/div>\n\t\t\t\t<\/div>\n\t\t\t\t\t<\/div>\n\t\t\t\t<\/div>\n\t\t\t\t<\/div>\n\t\t","protected":false},"excerpt":{"rendered":"<p>Preguntas Frecuentes Respuestas a las preguntas importantes que preocupan a nuestros clientes \u00bfLos resultados de un trasplante capilar son permanentes? Esta es una de las preguntas m\u00e1s comunes para quienes desean hacerse un trasplante capilar. (A excepci\u00f3n de enfermedades capilares o tratamientos como la quimioterapia). Los cabellos trasplantados son permanentes porque se obtienen de una [&hellip;]<\/p>\n","protected":false},"author":1,"featured_media":0,"parent":0,"menu_order":0,"comment_status":"closed","ping_status":"closed","template":"elementor_header_footer","meta":{"footnotes":""},"class_list":["post-1246","page","type-page","status-publish","hentry"],"yoast_head":"<!-- This site is optimized with the Yoast SEO plugin v23.7 - https:\/\/yoast.com\/wordpress\/plugins\/seo\/ -->\n<title>FAQ - For Legend Hair<\/title>\n<meta name=\"robots\" content=\"index, follow, max-snippet:-1, max-image-preview:large, max-video-preview:-1\" \/>\n<link rel=\"canonical\" href=\"https:\/\/forlegendhair.com\/sss\/\" \/>\n<meta property=\"og:locale\" content=\"es_ES\" \/>\n<meta property=\"og:type\" content=\"article\" \/>\n<meta property=\"og:title\" content=\"FAQ - For Legend Hair\" \/>\n<meta property=\"og:description\" content=\"Preguntas Frecuentes Respuestas a las preguntas importantes que preocupan a nuestros clientes \u00bfLos resultados de un trasplante capilar son permanentes? Esta es una de las preguntas m\u00e1s comunes para quienes desean hacerse un trasplante capilar. (A excepci\u00f3n de enfermedades capilares o tratamientos como la quimioterapia). Los cabellos trasplantados son permanentes porque se obtienen de una [&hellip;]\" \/>\n<meta property=\"og:url\" content=\"https:\/\/forlegendhair.com\/sss\/\" \/>\n<meta property=\"og:site_name\" content=\"For Legend Hair\" \/>\n<meta property=\"article:modified_time\" content=\"2024-10-25T19:03:11+00:00\" \/>\n<meta name=\"twitter:card\" content=\"summary_large_image\" \/>\n<meta name=\"twitter:label1\" content=\"Tiempo de lectura\" \/>\n\t<meta name=\"twitter:data1\" content=\"4 minutos\" \/>\n<script type=\"application\/ld+json\" class=\"yoast-schema-graph\">{\"@context\":\"https:\/\/schema.org\",\"@graph\":[{\"@type\":\"WebPage\",\"@id\":\"https:\/\/forlegendhair.com\/sss\/\",\"url\":\"https:\/\/forlegendhair.com\/sss\/\",\"name\":\"FAQ - For Legend Hair\",\"isPartOf\":{\"@id\":\"https:\/\/forlegendhair.com\/#website\"},\"datePublished\":\"2024-10-13T21:02:28+00:00\",\"dateModified\":\"2024-10-25T19:03:11+00:00\",\"breadcrumb\":{\"@id\":\"https:\/\/forlegendhair.com\/sss\/#breadcrumb\"},\"inLanguage\":\"es\",\"potentialAction\":[{\"@type\":\"ReadAction\",\"target\":[\"https:\/\/forlegendhair.com\/sss\/\"]}]},{\"@type\":\"BreadcrumbList\",\"@id\":\"https:\/\/forlegendhair.com\/sss\/#breadcrumb\",\"itemListElement\":[{\"@type\":\"ListItem\",\"position\":1,\"name\":\"Anasayfa\",\"item\":\"https:\/\/forlegendhair.com\/es\/\"},{\"@type\":\"ListItem\",\"position\":2,\"name\":\"FAQ\"}]},{\"@type\":\"WebSite\",\"@id\":\"https:\/\/forlegendhair.com\/#website\",\"url\":\"https:\/\/forlegendhair.com\/\",\"name\":\"For Legend Hair\",\"description\":\"FLH\",\"potentialAction\":[{\"@type\":\"SearchAction\",\"target\":{\"@type\":\"EntryPoint\",\"urlTemplate\":\"https:\/\/forlegendhair.com\/?s={search_term_string}\"},\"query-input\":{\"@type\":\"PropertyValueSpecification\",\"valueRequired\":true,\"valueName\":\"search_term_string\"}}],\"inLanguage\":\"es\"}]}<\/script>\n<!-- \/ Yoast SEO plugin. -->","yoast_head_json":{"title":"FAQ - For Legend Hair","robots":{"index":"index","follow":"follow","max-snippet":"max-snippet:-1","max-image-preview":"max-image-preview:large","max-video-preview":"max-video-preview:-1"},"canonical":"https:\/\/forlegendhair.com\/sss\/","og_locale":"es_ES","og_type":"article","og_title":"FAQ - For Legend Hair","og_description":"Preguntas Frecuentes Respuestas a las preguntas importantes que preocupan a nuestros clientes \u00bfLos resultados de un trasplante capilar son permanentes? Esta es una de las preguntas m\u00e1s comunes para quienes desean hacerse un trasplante capilar. (A excepci\u00f3n de enfermedades capilares o tratamientos como la quimioterapia). Los cabellos trasplantados son permanentes porque se obtienen de una [&hellip;]","og_url":"https:\/\/forlegendhair.com\/sss\/","og_site_name":"For Legend Hair","article_modified_time":"2024-10-25T19:03:11+00:00","twitter_card":"summary_large_image","twitter_misc":{"Tiempo de lectura":"4 minutos"},"schema":{"@context":"https:\/\/schema.org","@graph":[{"@type":"WebPage","@id":"https:\/\/forlegendhair.com\/sss\/","url":"https:\/\/forlegendhair.com\/sss\/","name":"FAQ - For Legend Hair","isPartOf":{"@id":"https:\/\/forlegendhair.com\/#website"},"datePublished":"2024-10-13T21:02:28+00:00","dateModified":"2024-10-25T19:03:11+00:00","breadcrumb":{"@id":"https:\/\/forlegendhair.com\/sss\/#breadcrumb"},"inLanguage":"es","potentialAction":[{"@type":"ReadAction","target":["https:\/\/forlegendhair.com\/sss\/"]}]},{"@type":"BreadcrumbList","@id":"https:\/\/forlegendhair.com\/sss\/#breadcrumb","itemListElement":[{"@type":"ListItem","position":1,"name":"Anasayfa","item":"https:\/\/forlegendhair.com\/es\/"},{"@type":"ListItem","position":2,"name":"FAQ"}]},{"@type":"WebSite","@id":"https:\/\/forlegendhair.com\/#website","url":"https:\/\/forlegendhair.com\/","name":"For Legend Hair","description":"FLH","potentialAction":[{"@type":"SearchAction","target":{"@type":"EntryPoint","urlTemplate":"https:\/\/forlegendhair.com\/?s={search_term_string}"},"query-input":{"@type":"PropertyValueSpecification","valueRequired":true,"valueName":"search_term_string"}}],"inLanguage":"es"}]}},"meta_box":[],"_links":{"self":[{"href":"https:\/\/forlegendhair.com\/es\/wp-json\/wp\/v2\/pages\/1246","targetHints":{"allow":["GET"]}}],"collection":[{"href":"https:\/\/forlegendhair.com\/es\/wp-json\/wp\/v2\/pages"}],"about":[{"href":"https:\/\/forlegendhair.com\/es\/wp-json\/wp\/v2\/types\/page"}],"author":[{"embeddable":true,"href":"https:\/\/forlegendhair.com\/es\/wp-json\/wp\/v2\/users\/1"}],"replies":[{"embeddable":true,"href":"https:\/\/forlegendhair.com\/es\/wp-json\/wp\/v2\/comments?post=1246"}],"version-history":[{"count":4,"href":"https:\/\/forlegendhair.com\/es\/wp-json\/wp\/v2\/pages\/1246\/revisions"}],"predecessor-version":[{"id":1676,"href":"https:\/\/forlegendhair.com\/es\/wp-json\/wp\/v2\/pages\/1246\/revisions\/1676"}],"wp:attachment":[{"href":"https:\/\/forlegendhair.com\/es\/wp-json\/wp\/v2\/media?parent=1246"}],"curies":[{"name":"wp","href":"https:\/\/api.w.org\/{rel}","templated":true}]}}