
{"id":1039,"date":"2024-10-13T13:09:36","date_gmt":"2024-10-13T13:09:36","guid":{"rendered":"https:\/\/forlegendhair.com\/?page_id=1039"},"modified":"2025-07-19T07:56:35","modified_gmt":"2025-07-19T07:56:35","slug":"about-us","status":"publish","type":"page","link":"https:\/\/forlegendhair.com\/en\/about-us\/","title":{"rendered":"About Us"},"content":{"rendered":"\t\t<div data-elementor-type=\"wp-page\" data-elementor-id=\"1039\" class=\"elementor elementor-1039 elementor-243\">\n\t\t\t\t<div class=\"elementor-element elementor-element-46026f3 e-flex e-con-boxed e-con e-parent\" data-id=\"46026f3\" data-element_type=\"container\">\n\t\t\t\t\t<div class=\"e-con-inner\">\n\t\t\t\t<div class=\"elementor-element elementor-element-7f7b45e elementor-widget elementor-widget-flh-hero-2\" data-id=\"7f7b45e\" data-element_type=\"widget\" data-widget_type=\"flh-hero-2.default\">\n\t\t\t\t<div class=\"elementor-widget-container\">\n\t\t\t        <div class=\"site-hero custom-background\" style=\"--custom-background: #F0F8F6;\">\n            <div class=\"container\">\n                <div class=\"row gap-y-20 justify-between page-header style-1\">\n                    <div class=\"col col-12 col-lg-6 relative\">\n                                                    <h1 class=\"entry-title page-title\">About Us<\/h1>\n                        \n                                                    <div class=\"entry-teaser\">\n                                <p>\n                                    The best hair transplant in Turkey with expert doctors                                    <strong class=\"text-primary-text\">Experience it at <\/strong>\n                                    For Legend Hair.                                <\/p>\n                            <\/div><!-- entry-teaser -->\n                        \n                                                    <div class=\"entry-excerpt\">\n                                <p>At For Legend Hair, we are dedicated to providing you with the most advanced and effective hair transplant treatments. Our team is committed to achieving natural and lasting results that boost your confidence!<\/p>\n                            <\/div><!-- entry-excerpt -->\n                                            <\/div><!-- col -->\n\n                                            <div class=\"col col-12 col-lg-5 relative\">\n                            <div class=\"entry-image overflow-hidden rounded-base\">\n                                <img decoding=\"async\" src=\"https:\/\/forlegendhair.com\/wp-content\/uploads\/2024\/10\/image-08.jpg\" alt=\"About Us\">\n                            <\/div><!-- entry-image -->\n                        <\/div><!-- col -->\n                                    <\/div><!-- row -->\n            <\/div><!-- container -->\n        <\/div><!-- site-hero -->\n        \t\t<\/div>\n\t\t\t\t<\/div>\n\t\t\t\t\t<\/div>\n\t\t\t\t<\/div>\n\t\t<div class=\"elementor-element elementor-element-8dae0fc e-flex e-con-boxed e-con e-parent\" data-id=\"8dae0fc\" data-element_type=\"container\">\n\t\t\t\t\t<div class=\"e-con-inner\">\n\t\t\t\t<div class=\"elementor-element elementor-element-e65a2ba elementor-widget elementor-widget-flh-text\" data-id=\"e65a2ba\" data-element_type=\"widget\" data-widget_type=\"flh-text.default\">\n\t\t\t\t<div class=\"elementor-widget-container\">\n\t\t\t        <div class=\"container\">\n            <div class=\"row mt-20 lg:mt-40\">\n                <div class=\"col col-12 col-lg-6\">\n                    <div class=\"entry-page-content\">\n                        <p>For Legend Hair Transplant has been providing services in the healthcare sector for over 10 years, prioritizing patient satisfaction.<\/p>\n                    <\/div><!-- entry-page-content -->\n                <\/div><!-- col -->\n            <\/div><!-- row -->\n        <\/div><!-- container -->\n        \t\t<\/div>\n\t\t\t\t<\/div>\n\t\t\t\t\t<\/div>\n\t\t\t\t<\/div>\n\t\t<div class=\"elementor-element elementor-element-7f392e2 e-flex e-con-boxed e-con e-parent\" data-id=\"7f392e2\" data-element_type=\"container\">\n\t\t\t\t\t<div class=\"e-con-inner\">\n\t\t\t\t<div class=\"elementor-element elementor-element-49eba00 elementor-widget elementor-widget-flh-image-with-text\" data-id=\"49eba00\" data-element_type=\"widget\" data-widget_type=\"flh-image-with-text.default\">\n\t\t\t\t<div class=\"elementor-widget-container\">\n\t\t\t        <div class=\"container\">\n            <div class=\"row gap-y-20 justify-between mt-20 lg:mt-40\">\n                <div class=\"col col-12 col-lg-5\">\n                    <div class=\"entry-page-content\">\n                        <div class=\"entry-media\">\n                            <img decoding=\"async\" src=\"https:\/\/forlegendhair.com\/wp-content\/uploads\/2024\/10\/image-09.jpg\" alt=\"For Legend Hair\">\n                        <\/div><!-- entry-media -->\n                    <\/div><!-- entry-page-content -->\n                <\/div><!-- col -->\n                <div class=\"col col-12 col-lg-6\">\n                    <div class=\"entry-page-content\">\n                                                    <p><p>We determine treatment methods for our patients using the latest technology and the experience of our expert team, offering the best options.<\/p>\n\n<p>Our operations are performed under the supervision of our specialist doctors in a fully equipped hospital with a sterile environment. During the procedure, our goal is to maintain naturalness while providing the best service to our patients.<\/p>\n\n<p>For your comfort, we take care of every detail, offering transportation, accommodation, and all necessary services.<\/p>\n\n<p>Our fundamental principle is to help you regain the look you\u2019ve been longing for.<\/p><\/p>\n                                            <\/div><!-- entry-page-content -->\n                <\/div><!-- col -->\n            <\/div><!-- row -->\n        <\/div><!-- container -->\n        \t\t<\/div>\n\t\t\t\t<\/div>\n\t\t\t\t\t<\/div>\n\t\t\t\t<\/div>\n\t\t<div class=\"elementor-element elementor-element-b4ca1dc e-flex e-con-boxed e-con e-parent\" data-id=\"b4ca1dc\" data-element_type=\"container\">\n\t\t\t\t\t<div class=\"e-con-inner\">\n\t\t\t\t<div class=\"elementor-element elementor-element-0afc868 elementor-widget elementor-widget-flh-counter\" data-id=\"0afc868\" data-element_type=\"widget\" data-widget_type=\"flh-counter.default\">\n\t\t\t\t<div class=\"elementor-widget-container\">\n\t\t\t        <div class=\"container\">\n            <div class=\"row gap-y-20 justify-between mt-20 lg:mt-40\">\n                                    <div class=\"col col-4\">\n                        <div class=\"site-counter large\">\n                            <span class=\"site-counter-number\">10.000+<\/span>\n                            <span class=\"site-counter-label\">Over 10,000 successful transplants with satisfied and happy patients.<\/span>\n                        <\/div><!-- site-counter -->\n                    <\/div><!-- col -->\n                                    <div class=\"col col-4\">\n                        <div class=\"site-counter large\">\n                            <span class=\"site-counter-number\">11.782+<\/span>\n                            <span class=\"site-counter-label\">Since its establishment, For Legend Hair has successfully completed over 11,000 operations.<\/span>\n                        <\/div><!-- site-counter -->\n                    <\/div><!-- col -->\n                                    <div class=\"col col-4\">\n                        <div class=\"site-counter large\">\n                            <span class=\"site-counter-number\">245%<\/span>\n                            <span class=\"site-counter-label\">A growing institution that renews itself every year and provides the best service to its patients.<\/span>\n                        <\/div><!-- site-counter -->\n                    <\/div><!-- col -->\n                            <\/div><!-- row -->\n        <\/div><!-- container -->\n        \t\t<\/div>\n\t\t\t\t<\/div>\n\t\t\t\t\t<\/div>\n\t\t\t\t<\/div>\n\t\t<div class=\"elementor-element elementor-element-4e6d08f e-flex e-con-boxed e-con e-parent\" data-id=\"4e6d08f\" data-element_type=\"container\">\n\t\t\t\t\t<div class=\"e-con-inner\">\n\t\t\t\t<div class=\"elementor-element elementor-element-6cc4256 elementor-widget elementor-widget-about_us_2\" data-id=\"6cc4256\" data-element_type=\"widget\" data-widget_type=\"about_us_2.default\">\n\t\t\t\t<div class=\"elementor-widget-container\">\n\t\t\t<div class=\"container\"><div class=\"row items-center justify-between lg:flex-row-reverse gap-y-20 mt-20 lg:mt-80\"><div class=\"col col-12 col-lg-6\"><div class=\"entry-media\"><img decoding=\"async\" src=\"https:\/\/forlegendhair.com\/wp-content\/uploads\/2024\/10\/image-13.jpg\" alt=\"For Legend Hair Transplant\"><\/div><\/div><div class=\"col col-12 col-lg-5\"><div class=\"site-text-block\"><h4 class=\"entry-subtitle\">ACHIEVE MORE WITH US<\/h4><h2 class=\"entry-title\">Hotel &amp; Hospital<\/h2><div class=\"entry-content\"><p>In our A+ hospital, hair transplant operations are performed in a sterile environment with top-notch equipment.<\/p><p>We provide accommodation services at a 5-star hotel.<\/p><p>VIP transportation services are also available.<\/p><\/div><\/div><\/div><\/div><\/div>\t\t<\/div>\n\t\t\t\t<\/div>\n\t\t\t\t\t<\/div>\n\t\t\t\t<\/div>\n\t\t<div class=\"elementor-element elementor-element-369e8d8 e-flex e-con-boxed e-con e-parent\" data-id=\"369e8d8\" data-element_type=\"container\">\n\t\t\t\t\t<div class=\"e-con-inner\">\n\t\t\t\t<div class=\"elementor-element elementor-element-fe88033 elementor-widget elementor-widget-flh_team\" data-id=\"fe88033\" data-element_type=\"widget\" data-widget_type=\"flh_team.default\">\n\t\t\t\t<div class=\"elementor-widget-container\">\n\t\t\t<div class=\"container\"><div class=\"row justify-center mt-20 lg:mt-80\"><div class=\"col col-12 col-lg-6\"><div class=\"site-text-block centered\"><h4 class=\"entry-subtitle\">OUR TEAM<\/h4><h2 class=\"entry-title\">Our Hair Transplant Specialists<\/h2><\/div><\/div><\/div><div class=\"row gap-y-30 my-20 lg:mb-80 lg:mt-40\"><div class=\"col col-12 col-12\"><div class=\"site-team-item\"><div class=\"entry-media\"><img decoding=\"async\" src=\"https:\/\/forlegendhair.com\/wp-content\/uploads\/2024\/10\/oguzhan-ekip.png\" alt=\"O\u011fuzhan B\u00fcy\u00fcmez\"><\/div><div class=\"entry-content\"><h4 class=\"entry-title\">O\u011fuzhan B\u00fcy\u00fcmez<\/h4><span class=\"entry-subtitle\">Hair Transplant Specialist<\/span><\/div><\/div><\/div><\/div><\/div>\t\t<\/div>\n\t\t\t\t<\/div>\n\t\t\t\t\t<\/div>\n\t\t\t\t<\/div>\n\t\t\t\t<\/div>\n\t\t","protected":false},"excerpt":{"rendered":"<p>About Us The best hair transplant in Turkey with expert doctors Experience it at For Legend Hair. At For Legend Hair, we are dedicated to providing you with the most advanced and effective hair transplant treatments. Our team is committed to achieving natural and lasting results that boost your confidence! For Legend Hair Transplant has [&hellip;]<\/p>\n","protected":false},"author":1,"featured_media":0,"parent":0,"menu_order":0,"comment_status":"closed","ping_status":"closed","template":"elementor_header_footer","meta":{"footnotes":""},"class_list":["post-1039","page","type-page","status-publish","hentry"],"yoast_head":"<!-- This site is optimized with the Yoast SEO plugin v23.7 - https:\/\/yoast.com\/wordpress\/plugins\/seo\/ -->\n<title>About Us - For Legend Hair<\/title>\n<meta name=\"robots\" content=\"index, follow, max-snippet:-1, max-image-preview:large, max-video-preview:-1\" \/>\n<link rel=\"canonical\" href=\"https:\/\/forlegendhair.com\/en\/about-us\/\" \/>\n<meta property=\"og:locale\" content=\"en_US\" \/>\n<meta property=\"og:type\" content=\"article\" \/>\n<meta property=\"og:title\" content=\"About Us - For Legend Hair\" \/>\n<meta property=\"og:description\" content=\"About Us The best hair transplant in Turkey with expert doctors Experience it at For Legend Hair. At For Legend Hair, we are dedicated to providing you with the most advanced and effective hair transplant treatments. Our team is committed to achieving natural and lasting results that boost your confidence! For Legend Hair Transplant has [&hellip;]\" \/>\n<meta property=\"og:url\" content=\"https:\/\/forlegendhair.com\/en\/about-us\/\" \/>\n<meta property=\"og:site_name\" content=\"For Legend Hair\" \/>\n<meta property=\"article:modified_time\" content=\"2025-07-19T07:56:35+00:00\" \/>\n<meta property=\"og:image\" content=\"https:\/\/forlegendhair.com\/wp-content\/uploads\/2024\/10\/image-08.jpg\" \/>\n<meta name=\"twitter:card\" content=\"summary_large_image\" \/>\n<meta name=\"twitter:label1\" content=\"Est. reading time\" \/>\n\t<meta name=\"twitter:data1\" content=\"2 minutes\" \/>\n<script type=\"application\/ld+json\" class=\"yoast-schema-graph\">{\"@context\":\"https:\/\/schema.org\",\"@graph\":[{\"@type\":\"WebPage\",\"@id\":\"https:\/\/forlegendhair.com\/en\/about-us\/\",\"url\":\"https:\/\/forlegendhair.com\/en\/about-us\/\",\"name\":\"About Us - For Legend Hair\",\"isPartOf\":{\"@id\":\"https:\/\/forlegendhair.com\/#website\"},\"primaryImageOfPage\":{\"@id\":\"https:\/\/forlegendhair.com\/en\/about-us\/#primaryimage\"},\"image\":{\"@id\":\"https:\/\/forlegendhair.com\/en\/about-us\/#primaryimage\"},\"thumbnailUrl\":\"https:\/\/forlegendhair.com\/wp-content\/uploads\/2024\/10\/image-08.jpg\",\"datePublished\":\"2024-10-13T13:09:36+00:00\",\"dateModified\":\"2025-07-19T07:56:35+00:00\",\"breadcrumb\":{\"@id\":\"https:\/\/forlegendhair.com\/en\/about-us\/#breadcrumb\"},\"inLanguage\":\"en-US\",\"potentialAction\":[{\"@type\":\"ReadAction\",\"target\":[\"https:\/\/forlegendhair.com\/en\/about-us\/\"]}]},{\"@type\":\"ImageObject\",\"inLanguage\":\"en-US\",\"@id\":\"https:\/\/forlegendhair.com\/en\/about-us\/#primaryimage\",\"url\":\"https:\/\/forlegendhair.com\/wp-content\/uploads\/2024\/10\/image-08.jpg\",\"contentUrl\":\"https:\/\/forlegendhair.com\/wp-content\/uploads\/2024\/10\/image-08.jpg\"},{\"@type\":\"BreadcrumbList\",\"@id\":\"https:\/\/forlegendhair.com\/en\/about-us\/#breadcrumb\",\"itemListElement\":[{\"@type\":\"ListItem\",\"position\":1,\"name\":\"Anasayfa\",\"item\":\"https:\/\/forlegendhair.com\/en\/\"},{\"@type\":\"ListItem\",\"position\":2,\"name\":\"About Us\"}]},{\"@type\":\"WebSite\",\"@id\":\"https:\/\/forlegendhair.com\/#website\",\"url\":\"https:\/\/forlegendhair.com\/\",\"name\":\"For Legend Hair\",\"description\":\"FLH\",\"potentialAction\":[{\"@type\":\"SearchAction\",\"target\":{\"@type\":\"EntryPoint\",\"urlTemplate\":\"https:\/\/forlegendhair.com\/?s={search_term_string}\"},\"query-input\":{\"@type\":\"PropertyValueSpecification\",\"valueRequired\":true,\"valueName\":\"search_term_string\"}}],\"inLanguage\":\"en-US\"}]}<\/script>\n<!-- \/ Yoast SEO plugin. -->","yoast_head_json":{"title":"About Us - For Legend Hair","robots":{"index":"index","follow":"follow","max-snippet":"max-snippet:-1","max-image-preview":"max-image-preview:large","max-video-preview":"max-video-preview:-1"},"canonical":"https:\/\/forlegendhair.com\/en\/about-us\/","og_locale":"en_US","og_type":"article","og_title":"About Us - For Legend Hair","og_description":"About Us The best hair transplant in Turkey with expert doctors Experience it at For Legend Hair. At For Legend Hair, we are dedicated to providing you with the most advanced and effective hair transplant treatments. Our team is committed to achieving natural and lasting results that boost your confidence! For Legend Hair Transplant has [&hellip;]","og_url":"https:\/\/forlegendhair.com\/en\/about-us\/","og_site_name":"For Legend Hair","article_modified_time":"2025-07-19T07:56:35+00:00","og_image":[{"url":"https:\/\/forlegendhair.com\/wp-content\/uploads\/2024\/10\/image-08.jpg"}],"twitter_card":"summary_large_image","twitter_misc":{"Est. reading time":"2 minutes"},"schema":{"@context":"https:\/\/schema.org","@graph":[{"@type":"WebPage","@id":"https:\/\/forlegendhair.com\/en\/about-us\/","url":"https:\/\/forlegendhair.com\/en\/about-us\/","name":"About Us - For Legend Hair","isPartOf":{"@id":"https:\/\/forlegendhair.com\/#website"},"primaryImageOfPage":{"@id":"https:\/\/forlegendhair.com\/en\/about-us\/#primaryimage"},"image":{"@id":"https:\/\/forlegendhair.com\/en\/about-us\/#primaryimage"},"thumbnailUrl":"https:\/\/forlegendhair.com\/wp-content\/uploads\/2024\/10\/image-08.jpg","datePublished":"2024-10-13T13:09:36+00:00","dateModified":"2025-07-19T07:56:35+00:00","breadcrumb":{"@id":"https:\/\/forlegendhair.com\/en\/about-us\/#breadcrumb"},"inLanguage":"en-US","potentialAction":[{"@type":"ReadAction","target":["https:\/\/forlegendhair.com\/en\/about-us\/"]}]},{"@type":"ImageObject","inLanguage":"en-US","@id":"https:\/\/forlegendhair.com\/en\/about-us\/#primaryimage","url":"https:\/\/forlegendhair.com\/wp-content\/uploads\/2024\/10\/image-08.jpg","contentUrl":"https:\/\/forlegendhair.com\/wp-content\/uploads\/2024\/10\/image-08.jpg"},{"@type":"BreadcrumbList","@id":"https:\/\/forlegendhair.com\/en\/about-us\/#breadcrumb","itemListElement":[{"@type":"ListItem","position":1,"name":"Anasayfa","item":"https:\/\/forlegendhair.com\/en\/"},{"@type":"ListItem","position":2,"name":"About Us"}]},{"@type":"WebSite","@id":"https:\/\/forlegendhair.com\/#website","url":"https:\/\/forlegendhair.com\/","name":"For Legend Hair","description":"FLH","potentialAction":[{"@type":"SearchAction","target":{"@type":"EntryPoint","urlTemplate":"https:\/\/forlegendhair.com\/?s={search_term_string}"},"query-input":{"@type":"PropertyValueSpecification","valueRequired":true,"valueName":"search_term_string"}}],"inLanguage":"en-US"}]}},"meta_box":[],"_links":{"self":[{"href":"https:\/\/forlegendhair.com\/en\/wp-json\/wp\/v2\/pages\/1039","targetHints":{"allow":["GET"]}}],"collection":[{"href":"https:\/\/forlegendhair.com\/en\/wp-json\/wp\/v2\/pages"}],"about":[{"href":"https:\/\/forlegendhair.com\/en\/wp-json\/wp\/v2\/types\/page"}],"author":[{"embeddable":true,"href":"https:\/\/forlegendhair.com\/en\/wp-json\/wp\/v2\/users\/1"}],"replies":[{"embeddable":true,"href":"https:\/\/forlegendhair.com\/en\/wp-json\/wp\/v2\/comments?post=1039"}],"version-history":[{"count":7,"href":"https:\/\/forlegendhair.com\/en\/wp-json\/wp\/v2\/pages\/1039\/revisions"}],"predecessor-version":[{"id":2243,"href":"https:\/\/forlegendhair.com\/en\/wp-json\/wp\/v2\/pages\/1039\/revisions\/2243"}],"wp:attachment":[{"href":"https:\/\/forlegendhair.com\/en\/wp-json\/wp\/v2\/media?parent=1039"}],"curies":[{"name":"wp","href":"https:\/\/api.w.org\/{rel}","templated":true}]}}