
{"id":1204,"date":"2024-10-13T13:09:36","date_gmt":"2024-10-13T13:09:36","guid":{"rendered":"https:\/\/forlegendhair.com\/ueber-uns\/"},"modified":"2025-07-19T07:57:59","modified_gmt":"2025-07-19T07:57:59","slug":"ueber-uns","status":"publish","type":"page","link":"https:\/\/forlegendhair.com\/de\/ueber-uns\/","title":{"rendered":"\u00dcber Uns"},"content":{"rendered":"\t\t<div data-elementor-type=\"wp-page\" data-elementor-id=\"1204\" class=\"elementor elementor-1204 elementor-243\">\n\t\t\t\t<div class=\"elementor-element elementor-element-46026f3 e-flex e-con-boxed e-con e-parent\" data-id=\"46026f3\" data-element_type=\"container\">\n\t\t\t\t\t<div class=\"e-con-inner\">\n\t\t\t\t<div class=\"elementor-element elementor-element-7f7b45e elementor-widget elementor-widget-flh-hero-2\" data-id=\"7f7b45e\" data-element_type=\"widget\" data-widget_type=\"flh-hero-2.default\">\n\t\t\t\t<div class=\"elementor-widget-container\">\n\t\t\t        <div class=\"site-hero custom-background\" style=\"--custom-background: #F0F8F6;\">\n            <div class=\"container\">\n                <div class=\"row gap-y-20 justify-between page-header style-1\">\n                    <div class=\"col col-12 col-lg-6 relative\">\n                                                    <h1 class=\"entry-title page-title\">\u00dcber uns<\/h1>\n                        \n                                                    <div class=\"entry-teaser\">\n                                <p>\n                                    Erleben Sie die beste Haartransplantation in der T\u00fcrkei mit den erfahrenen \u00c4rzten von                                    <strong class=\"text-primary-text\">For Legend Hair.<\/strong>\n                                                                    <\/p>\n                            <\/div><!-- entry-teaser -->\n                        \n                                                    <div class=\"entry-excerpt\">\n                                <p>Bei For Legend Hair arbeiten wir daran, Ihnen die fortschrittlichsten und effektivsten Haartransplantationsbehandlungen anzubieten. Unser Team ist bestrebt, nat\u00fcrliche und dauerhafte Ergebnisse zu erzielen, die Ihr Selbstbewusstsein st\u00e4rken!<\/p>\n                            <\/div><!-- entry-excerpt -->\n                                            <\/div><!-- col -->\n\n                                            <div class=\"col col-12 col-lg-5 relative\">\n                            <div class=\"entry-image overflow-hidden rounded-base\">\n                                <img decoding=\"async\" src=\"https:\/\/forlegendhair.com\/wp-content\/uploads\/2024\/10\/image-08.jpg\" alt=\"\u00dcber uns\">\n                            <\/div><!-- entry-image -->\n                        <\/div><!-- col -->\n                                    <\/div><!-- row -->\n            <\/div><!-- container -->\n        <\/div><!-- site-hero -->\n        \t\t<\/div>\n\t\t\t\t<\/div>\n\t\t\t\t\t<\/div>\n\t\t\t\t<\/div>\n\t\t<div class=\"elementor-element elementor-element-8dae0fc e-flex e-con-boxed e-con e-parent\" data-id=\"8dae0fc\" data-element_type=\"container\">\n\t\t\t\t\t<div class=\"e-con-inner\">\n\t\t\t\t<div class=\"elementor-element elementor-element-e65a2ba elementor-widget elementor-widget-flh-text\" data-id=\"e65a2ba\" data-element_type=\"widget\" data-widget_type=\"flh-text.default\">\n\t\t\t\t<div class=\"elementor-widget-container\">\n\t\t\t        <div class=\"container\">\n            <div class=\"row mt-20 lg:mt-40\">\n                <div class=\"col col-12 col-lg-6\">\n                    <div class=\"entry-page-content\">\n                        <p>For Legend Hair Transplant bietet seit \u00fcber 10 Jahren Dienstleistungen im Gesundheitssektor an und stellt dabei die volle Zufriedenheit der Patienten in den Vordergrund.<\/p>\n                    <\/div><!-- entry-page-content -->\n                <\/div><!-- col -->\n            <\/div><!-- row -->\n        <\/div><!-- container -->\n        \t\t<\/div>\n\t\t\t\t<\/div>\n\t\t\t\t\t<\/div>\n\t\t\t\t<\/div>\n\t\t<div class=\"elementor-element elementor-element-7f392e2 e-flex e-con-boxed e-con e-parent\" data-id=\"7f392e2\" data-element_type=\"container\">\n\t\t\t\t\t<div class=\"e-con-inner\">\n\t\t\t\t<div class=\"elementor-element elementor-element-49eba00 elementor-widget elementor-widget-flh-image-with-text\" data-id=\"49eba00\" data-element_type=\"widget\" data-widget_type=\"flh-image-with-text.default\">\n\t\t\t\t<div class=\"elementor-widget-container\">\n\t\t\t        <div class=\"container\">\n            <div class=\"row gap-y-20 justify-between mt-20 lg:mt-40\">\n                <div class=\"col col-12 col-lg-5\">\n                    <div class=\"entry-page-content\">\n                        <div class=\"entry-media\">\n                            <img decoding=\"async\" src=\"https:\/\/forlegendhair.com\/wp-content\/uploads\/2024\/10\/image-09.jpg\" alt=\"For Legend Hair\">\n                        <\/div><!-- entry-media -->\n                    <\/div><!-- entry-page-content -->\n                <\/div><!-- col -->\n                <div class=\"col col-12 col-lg-6\">\n                    <div class=\"entry-page-content\">\n                                                    <p><p>Wir bieten unseren Patienten die besten Behandlungsm\u00f6glichkeiten, indem wir die neuesten Technologien und die Erfahrung unseres Expertenteams nutzen.<\/p>\n\n<p>Unsere Operationen werden unter der Aufsicht unserer Fach\u00e4rzte in einem voll ausgestatteten Krankenhaus in einem sterilen Umfeld durchgef\u00fchrt. W\u00e4hrend des gesamten Eingriffs ist es unser Ziel, die Nat\u00fcrlichkeit zu bewahren und unseren Patienten den bestm\u00f6glichen Service zu bieten.<\/p>\n\n<p>Um Ihren Komfort zu gew\u00e4hrleisten, bieten wir alle Dienstleistungen wie Transport, Unterkunft usw. bis ins kleinste Detail an.<\/p>\n\n<p>Unser Grundprinzip ist es, Ihnen zu Ihrem lang ersehnten, fr\u00fcheren Aussehen zu verhelfen.<\/p><\/p>\n                                            <\/div><!-- entry-page-content -->\n                <\/div><!-- col -->\n            <\/div><!-- row -->\n        <\/div><!-- container -->\n        \t\t<\/div>\n\t\t\t\t<\/div>\n\t\t\t\t\t<\/div>\n\t\t\t\t<\/div>\n\t\t<div class=\"elementor-element elementor-element-b4ca1dc e-flex e-con-boxed e-con e-parent\" data-id=\"b4ca1dc\" data-element_type=\"container\">\n\t\t\t\t\t<div class=\"e-con-inner\">\n\t\t\t\t<div class=\"elementor-element elementor-element-0afc868 elementor-widget elementor-widget-flh-counter\" data-id=\"0afc868\" data-element_type=\"widget\" data-widget_type=\"flh-counter.default\">\n\t\t\t\t<div class=\"elementor-widget-container\">\n\t\t\t        <div class=\"container\">\n            <div class=\"row gap-y-20 justify-between mt-20 lg:mt-40\">\n                                    <div class=\"col col-4\">\n                        <div class=\"site-counter large\">\n                            <span class=\"site-counter-number\">10.000+<\/span>\n                            <span class=\"site-counter-label\">\u00dcber 10.000 zufriedene Patienten mit erfolgreicher Haartransplantation.<\/span>\n                        <\/div><!-- site-counter -->\n                    <\/div><!-- col -->\n                                    <div class=\"col col-4\">\n                        <div class=\"site-counter large\">\n                            <span class=\"site-counter-number\">11.782+<\/span>\n                            <span class=\"site-counter-label\">Seit der Gr\u00fcndung von For Legend Hair wurden \u00fcber 11.000 erfolgreiche Operationen durchgef\u00fchrt.<\/span>\n                        <\/div><!-- site-counter -->\n                    <\/div><!-- col -->\n                                    <div class=\"col col-4\">\n                        <div class=\"site-counter large\">\n                            <span class=\"site-counter-number\">245%<\/span>\n                            <span class=\"site-counter-label\">Eine Institution, die jedes Jahr w\u00e4chst und sich erneuert, um den Patienten den bestm\u00f6glichen Service zu bieten.<\/span>\n                        <\/div><!-- site-counter -->\n                    <\/div><!-- col -->\n                            <\/div><!-- row -->\n        <\/div><!-- container -->\n        \t\t<\/div>\n\t\t\t\t<\/div>\n\t\t\t\t\t<\/div>\n\t\t\t\t<\/div>\n\t\t<div class=\"elementor-element elementor-element-4e6d08f e-flex e-con-boxed e-con e-parent\" data-id=\"4e6d08f\" data-element_type=\"container\">\n\t\t\t\t\t<div class=\"e-con-inner\">\n\t\t\t\t<div class=\"elementor-element elementor-element-6cc4256 elementor-widget elementor-widget-about_us_2\" data-id=\"6cc4256\" data-element_type=\"widget\" data-widget_type=\"about_us_2.default\">\n\t\t\t\t<div class=\"elementor-widget-container\">\n\t\t\t<div class=\"container\"><div class=\"row items-center justify-between lg:flex-row-reverse gap-y-20 mt-20 lg:mt-80\"><div class=\"col col-12 col-lg-6\"><div class=\"entry-media\"><img decoding=\"async\" src=\"https:\/\/forlegendhair.com\/wp-content\/uploads\/2024\/10\/image-13.jpg\" alt=\"For Legend Hair Transplant\"><\/div><\/div><div class=\"col col-12 col-lg-5\"><div class=\"site-text-block\"><h4 class=\"entry-subtitle\">ERHALTEN SIE MEHR MIT UNS<\/h4><h2 class=\"entry-title\">Hotel &amp; Krankenhaus<\/h2><div class=\"entry-content\"><p>Hair transplant operations are performed in our A+ hospital, in a sterile environment with the latest equipment.<\/p>\n                                  <p>Accommodation services are provided at a 5-star hotel.<\/p>\n                                  <p>We offer VIP transportation services.<\/p><\/div><\/div><\/div><\/div><\/div>\t\t<\/div>\n\t\t\t\t<\/div>\n\t\t\t\t\t<\/div>\n\t\t\t\t<\/div>\n\t\t<div class=\"elementor-element elementor-element-369e8d8 e-flex e-con-boxed e-con e-parent\" data-id=\"369e8d8\" data-element_type=\"container\">\n\t\t\t\t\t<div class=\"e-con-inner\">\n\t\t\t\t<div class=\"elementor-element elementor-element-fe88033 elementor-widget elementor-widget-flh_team\" data-id=\"fe88033\" data-element_type=\"widget\" data-widget_type=\"flh_team.default\">\n\t\t\t\t<div class=\"elementor-widget-container\">\n\t\t\t<div class=\"container\"><div class=\"row justify-center mt-20 lg:mt-80\"><div class=\"col col-12 col-lg-6\"><div class=\"site-text-block centered\"><h4 class=\"entry-subtitle\">Unser Team<\/h4><h2 class=\"entry-title\">Unsere Haartransplantationsexperten<\/h2><\/div><\/div><\/div><div class=\"row gap-y-30 my-20 lg:mb-80 lg:mt-40\"><div class=\"col col-12 col-12\"><div class=\"site-team-item\"><div class=\"entry-media\"><img decoding=\"async\" src=\"https:\/\/forlegendhair.com\/wp-content\/uploads\/2024\/10\/oguzhan-ekip.png\" alt=\"O\u011fuzhan B\u00fcy\u00fcmez\"><\/div><div class=\"entry-content\"><h4 class=\"entry-title\">O\u011fuzhan B\u00fcy\u00fcmez<\/h4><span class=\"entry-subtitle\">Haartransplantationsexpertin<\/span><\/div><\/div><\/div><\/div><\/div>\t\t<\/div>\n\t\t\t\t<\/div>\n\t\t\t\t\t<\/div>\n\t\t\t\t<\/div>\n\t\t\t\t<\/div>\n\t\t","protected":false},"excerpt":{"rendered":"<p>\u00dcber uns Erleben Sie die beste Haartransplantation in der T\u00fcrkei mit den erfahrenen \u00c4rzten von For Legend Hair. Bei For Legend Hair arbeiten wir daran, Ihnen die fortschrittlichsten und effektivsten Haartransplantationsbehandlungen anzubieten. Unser Team ist bestrebt, nat\u00fcrliche und dauerhafte Ergebnisse zu erzielen, die Ihr Selbstbewusstsein st\u00e4rken! For Legend Hair Transplant bietet seit \u00fcber 10 Jahren [&hellip;]<\/p>\n","protected":false},"author":1,"featured_media":0,"parent":0,"menu_order":0,"comment_status":"closed","ping_status":"closed","template":"elementor_header_footer","meta":{"footnotes":""},"class_list":["post-1204","page","type-page","status-publish","hentry"],"yoast_head":"<!-- This site is optimized with the Yoast SEO plugin v23.7 - https:\/\/yoast.com\/wordpress\/plugins\/seo\/ -->\n<title>\u00dcber Uns - For Legend Hair<\/title>\n<meta name=\"robots\" content=\"index, follow, max-snippet:-1, max-image-preview:large, max-video-preview:-1\" \/>\n<link rel=\"canonical\" href=\"https:\/\/forlegendhair.com\/de\/ueber-uns\/\" \/>\n<meta property=\"og:locale\" content=\"de_DE\" \/>\n<meta property=\"og:type\" content=\"article\" \/>\n<meta property=\"og:title\" content=\"\u00dcber Uns - For Legend Hair\" \/>\n<meta property=\"og:description\" content=\"\u00dcber uns Erleben Sie die beste Haartransplantation in der T\u00fcrkei mit den erfahrenen \u00c4rzten von For Legend Hair. Bei For Legend Hair arbeiten wir daran, Ihnen die fortschrittlichsten und effektivsten Haartransplantationsbehandlungen anzubieten. Unser Team ist bestrebt, nat\u00fcrliche und dauerhafte Ergebnisse zu erzielen, die Ihr Selbstbewusstsein st\u00e4rken! For Legend Hair Transplant bietet seit \u00fcber 10 Jahren [&hellip;]\" \/>\n<meta property=\"og:url\" content=\"https:\/\/forlegendhair.com\/de\/ueber-uns\/\" \/>\n<meta property=\"og:site_name\" content=\"For Legend Hair\" \/>\n<meta property=\"article:modified_time\" content=\"2025-07-19T07:57:59+00:00\" \/>\n<meta property=\"og:image\" content=\"https:\/\/forlegendhair.com\/wp-content\/uploads\/2024\/10\/image-08.jpg\" \/>\n<meta name=\"twitter:card\" content=\"summary_large_image\" \/>\n<meta name=\"twitter:label1\" content=\"Gesch\u00e4tzte Lesezeit\" \/>\n\t<meta name=\"twitter:data1\" content=\"3\u00a0Minuten\" \/>\n<script type=\"application\/ld+json\" class=\"yoast-schema-graph\">{\"@context\":\"https:\/\/schema.org\",\"@graph\":[{\"@type\":\"WebPage\",\"@id\":\"https:\/\/forlegendhair.com\/de\/ueber-uns\/\",\"url\":\"https:\/\/forlegendhair.com\/de\/ueber-uns\/\",\"name\":\"\u00dcber Uns - For Legend Hair\",\"isPartOf\":{\"@id\":\"https:\/\/forlegendhair.com\/#website\"},\"primaryImageOfPage\":{\"@id\":\"https:\/\/forlegendhair.com\/de\/ueber-uns\/#primaryimage\"},\"image\":{\"@id\":\"https:\/\/forlegendhair.com\/de\/ueber-uns\/#primaryimage\"},\"thumbnailUrl\":\"https:\/\/forlegendhair.com\/wp-content\/uploads\/2024\/10\/image-08.jpg\",\"datePublished\":\"2024-10-13T13:09:36+00:00\",\"dateModified\":\"2025-07-19T07:57:59+00:00\",\"breadcrumb\":{\"@id\":\"https:\/\/forlegendhair.com\/de\/ueber-uns\/#breadcrumb\"},\"inLanguage\":\"de\",\"potentialAction\":[{\"@type\":\"ReadAction\",\"target\":[\"https:\/\/forlegendhair.com\/de\/ueber-uns\/\"]}]},{\"@type\":\"ImageObject\",\"inLanguage\":\"de\",\"@id\":\"https:\/\/forlegendhair.com\/de\/ueber-uns\/#primaryimage\",\"url\":\"https:\/\/forlegendhair.com\/wp-content\/uploads\/2024\/10\/image-08.jpg\",\"contentUrl\":\"https:\/\/forlegendhair.com\/wp-content\/uploads\/2024\/10\/image-08.jpg\"},{\"@type\":\"BreadcrumbList\",\"@id\":\"https:\/\/forlegendhair.com\/de\/ueber-uns\/#breadcrumb\",\"itemListElement\":[{\"@type\":\"ListItem\",\"position\":1,\"name\":\"Anasayfa\",\"item\":\"https:\/\/forlegendhair.com\/\"},{\"@type\":\"ListItem\",\"position\":2,\"name\":\"\u00dcber Uns\"}]},{\"@type\":\"WebSite\",\"@id\":\"https:\/\/forlegendhair.com\/#website\",\"url\":\"https:\/\/forlegendhair.com\/\",\"name\":\"For Legend Hair\",\"description\":\"FLH\",\"potentialAction\":[{\"@type\":\"SearchAction\",\"target\":{\"@type\":\"EntryPoint\",\"urlTemplate\":\"https:\/\/forlegendhair.com\/?s={search_term_string}\"},\"query-input\":{\"@type\":\"PropertyValueSpecification\",\"valueRequired\":true,\"valueName\":\"search_term_string\"}}],\"inLanguage\":\"de\"}]}<\/script>\n<!-- \/ Yoast SEO plugin. -->","yoast_head_json":{"title":"\u00dcber Uns - For Legend Hair","robots":{"index":"index","follow":"follow","max-snippet":"max-snippet:-1","max-image-preview":"max-image-preview:large","max-video-preview":"max-video-preview:-1"},"canonical":"https:\/\/forlegendhair.com\/de\/ueber-uns\/","og_locale":"de_DE","og_type":"article","og_title":"\u00dcber Uns - For Legend Hair","og_description":"\u00dcber uns Erleben Sie die beste Haartransplantation in der T\u00fcrkei mit den erfahrenen \u00c4rzten von For Legend Hair. Bei For Legend Hair arbeiten wir daran, Ihnen die fortschrittlichsten und effektivsten Haartransplantationsbehandlungen anzubieten. Unser Team ist bestrebt, nat\u00fcrliche und dauerhafte Ergebnisse zu erzielen, die Ihr Selbstbewusstsein st\u00e4rken! For Legend Hair Transplant bietet seit \u00fcber 10 Jahren [&hellip;]","og_url":"https:\/\/forlegendhair.com\/de\/ueber-uns\/","og_site_name":"For Legend Hair","article_modified_time":"2025-07-19T07:57:59+00:00","og_image":[{"url":"https:\/\/forlegendhair.com\/wp-content\/uploads\/2024\/10\/image-08.jpg"}],"twitter_card":"summary_large_image","twitter_misc":{"Gesch\u00e4tzte Lesezeit":"3\u00a0Minuten"},"schema":{"@context":"https:\/\/schema.org","@graph":[{"@type":"WebPage","@id":"https:\/\/forlegendhair.com\/de\/ueber-uns\/","url":"https:\/\/forlegendhair.com\/de\/ueber-uns\/","name":"\u00dcber Uns - For Legend Hair","isPartOf":{"@id":"https:\/\/forlegendhair.com\/#website"},"primaryImageOfPage":{"@id":"https:\/\/forlegendhair.com\/de\/ueber-uns\/#primaryimage"},"image":{"@id":"https:\/\/forlegendhair.com\/de\/ueber-uns\/#primaryimage"},"thumbnailUrl":"https:\/\/forlegendhair.com\/wp-content\/uploads\/2024\/10\/image-08.jpg","datePublished":"2024-10-13T13:09:36+00:00","dateModified":"2025-07-19T07:57:59+00:00","breadcrumb":{"@id":"https:\/\/forlegendhair.com\/de\/ueber-uns\/#breadcrumb"},"inLanguage":"de","potentialAction":[{"@type":"ReadAction","target":["https:\/\/forlegendhair.com\/de\/ueber-uns\/"]}]},{"@type":"ImageObject","inLanguage":"de","@id":"https:\/\/forlegendhair.com\/de\/ueber-uns\/#primaryimage","url":"https:\/\/forlegendhair.com\/wp-content\/uploads\/2024\/10\/image-08.jpg","contentUrl":"https:\/\/forlegendhair.com\/wp-content\/uploads\/2024\/10\/image-08.jpg"},{"@type":"BreadcrumbList","@id":"https:\/\/forlegendhair.com\/de\/ueber-uns\/#breadcrumb","itemListElement":[{"@type":"ListItem","position":1,"name":"Anasayfa","item":"https:\/\/forlegendhair.com\/"},{"@type":"ListItem","position":2,"name":"\u00dcber Uns"}]},{"@type":"WebSite","@id":"https:\/\/forlegendhair.com\/#website","url":"https:\/\/forlegendhair.com\/","name":"For Legend Hair","description":"FLH","potentialAction":[{"@type":"SearchAction","target":{"@type":"EntryPoint","urlTemplate":"https:\/\/forlegendhair.com\/?s={search_term_string}"},"query-input":{"@type":"PropertyValueSpecification","valueRequired":true,"valueName":"search_term_string"}}],"inLanguage":"de"}]}},"meta_box":[],"_links":{"self":[{"href":"https:\/\/forlegendhair.com\/de\/wp-json\/wp\/v2\/pages\/1204","targetHints":{"allow":["GET"]}}],"collection":[{"href":"https:\/\/forlegendhair.com\/de\/wp-json\/wp\/v2\/pages"}],"about":[{"href":"https:\/\/forlegendhair.com\/de\/wp-json\/wp\/v2\/types\/page"}],"author":[{"embeddable":true,"href":"https:\/\/forlegendhair.com\/de\/wp-json\/wp\/v2\/users\/1"}],"replies":[{"embeddable":true,"href":"https:\/\/forlegendhair.com\/de\/wp-json\/wp\/v2\/comments?post=1204"}],"version-history":[{"count":17,"href":"https:\/\/forlegendhair.com\/de\/wp-json\/wp\/v2\/pages\/1204\/revisions"}],"predecessor-version":[{"id":2246,"href":"https:\/\/forlegendhair.com\/de\/wp-json\/wp\/v2\/pages\/1204\/revisions\/2246"}],"wp:attachment":[{"href":"https:\/\/forlegendhair.com\/de\/wp-json\/wp\/v2\/media?parent=1204"}],"curies":[{"name":"wp","href":"https:\/\/api.w.org\/{rel}","templated":true}]}}